{"id":10405,"date":"2023-10-20T21:31:06","date_gmt":"2023-10-20T19:31:06","guid":{"rendered":"https:\/\/luhotza.com\/?page_id=10405"},"modified":"2025-06-12T01:11:38","modified_gmt":"2025-06-11T23:11:38","slug":"casas-y-departamentos","status":"publish","type":"page","link":"https:\/\/luhotza.com\/index.php\/casas-y-departamentos\/","title":{"rendered":"Gesti\u00f3n inmobiliaria"},"content":{"rendered":"\t\t<div data-elementor-type=\"wp-page\" data-elementor-id=\"10405\" class=\"elementor elementor-10405\">\n\t\t\t\t\t\t\t<div class=\"elementor-element elementor-element-f8601cc e-flex e-con-boxed e-con e-parent\" data-id=\"f8601cc\" data-element_type=\"container\" data-settings=\"{&quot;content_width&quot;:&quot;boxed&quot;}\" data-core-v316-plus=\"true\">\n\t\t\t\t\t<div class=\"e-con-inner\">\n\t\t\t\t<div class=\"elementor-element elementor-element-28b8aad elementor-widget-divider--view-line elementor-widget elementor-widget-divider\" data-id=\"28b8aad\" data-element_type=\"widget\" data-widget_type=\"divider.default\">\n\t\t\t\t<div class=\"elementor-widget-container\">\n\t\t\t<style>\/*! elementor - v3.16.0 - 09-10-2023 *\/\n.elementor-widget-divider{--divider-border-style:none;--divider-border-width:1px;--divider-color:#0c0d0e;--divider-icon-size:20px;--divider-element-spacing:10px;--divider-pattern-height:24px;--divider-pattern-size:20px;--divider-pattern-url:none;--divider-pattern-repeat:repeat-x}.elementor-widget-divider .elementor-divider{display:flex}.elementor-widget-divider .elementor-divider__text{font-size:15px;line-height:1;max-width:95%}.elementor-widget-divider .elementor-divider__element{margin:0 var(--divider-element-spacing);flex-shrink:0}.elementor-widget-divider .elementor-icon{font-size:var(--divider-icon-size)}.elementor-widget-divider .elementor-divider-separator{display:flex;margin:0;direction:ltr}.elementor-widget-divider--view-line_icon .elementor-divider-separator,.elementor-widget-divider--view-line_text .elementor-divider-separator{align-items:center}.elementor-widget-divider--view-line_icon .elementor-divider-separator:after,.elementor-widget-divider--view-line_icon .elementor-divider-separator:before,.elementor-widget-divider--view-line_text .elementor-divider-separator:after,.elementor-widget-divider--view-line_text .elementor-divider-separator:before{display:block;content:\"\";border-bottom:0;flex-grow:1;border-top:var(--divider-border-width) var(--divider-border-style) var(--divider-color)}.elementor-widget-divider--element-align-left .elementor-divider .elementor-divider-separator>.elementor-divider__svg:first-of-type{flex-grow:0;flex-shrink:100}.elementor-widget-divider--element-align-left .elementor-divider-separator:before{content:none}.elementor-widget-divider--element-align-left .elementor-divider__element{margin-left:0}.elementor-widget-divider--element-align-right .elementor-divider .elementor-divider-separator>.elementor-divider__svg:last-of-type{flex-grow:0;flex-shrink:100}.elementor-widget-divider--element-align-right .elementor-divider-separator:after{content:none}.elementor-widget-divider--element-align-right .elementor-divider__element{margin-right:0}.elementor-widget-divider:not(.elementor-widget-divider--view-line_text):not(.elementor-widget-divider--view-line_icon) .elementor-divider-separator{border-top:var(--divider-border-width) var(--divider-border-style) var(--divider-color)}.elementor-widget-divider--separator-type-pattern{--divider-border-style:none}.elementor-widget-divider--separator-type-pattern.elementor-widget-divider--view-line .elementor-divider-separator,.elementor-widget-divider--separator-type-pattern:not(.elementor-widget-divider--view-line) .elementor-divider-separator:after,.elementor-widget-divider--separator-type-pattern:not(.elementor-widget-divider--view-line) .elementor-divider-separator:before,.elementor-widget-divider--separator-type-pattern:not([class*=elementor-widget-divider--view]) .elementor-divider-separator{width:100%;min-height:var(--divider-pattern-height);-webkit-mask-size:var(--divider-pattern-size) 100%;mask-size:var(--divider-pattern-size) 100%;-webkit-mask-repeat:var(--divider-pattern-repeat);mask-repeat:var(--divider-pattern-repeat);background-color:var(--divider-color);-webkit-mask-image:var(--divider-pattern-url);mask-image:var(--divider-pattern-url)}.elementor-widget-divider--no-spacing{--divider-pattern-size:auto}.elementor-widget-divider--bg-round{--divider-pattern-repeat:round}.rtl .elementor-widget-divider .elementor-divider__text{direction:rtl}.e-con-inner>.elementor-widget-divider,.e-con>.elementor-widget-divider{width:var(--container-widget-width,100%);--flex-grow:var(--container-widget-flex-grow)}<\/style>\t\t<div class=\"elementor-divider\">\n\t\t\t<span class=\"elementor-divider-separator\">\n\t\t\t\t\t\t<\/span>\n\t\t<\/div>\n\t\t\t\t<\/div>\n\t\t\t\t<\/div>\n\t\t\t\t\t<\/div>\n\t\t\t\t<\/div>\n\t\t<div class=\"elementor-element elementor-element-4118813 e-flex e-con-boxed e-con e-parent\" data-id=\"4118813\" data-element_type=\"container\" data-settings=\"{&quot;content_width&quot;:&quot;boxed&quot;}\" data-core-v316-plus=\"true\">\n\t\t\t\t\t<div class=\"e-con-inner\">\n\t\t\t\t<div class=\"elementor-element elementor-element-1eaf514 elementor-widget elementor-widget-heading\" data-id=\"1eaf514\" data-element_type=\"widget\" data-widget_type=\"heading.default\">\n\t\t\t\t<div class=\"elementor-widget-container\">\n\t\t\t<style>\/*! elementor - v3.16.0 - 09-10-2023 *\/\n.elementor-heading-title{padding:0;margin:0;line-height:1}.elementor-widget-heading .elementor-heading-title[class*=elementor-size-]>a{color:inherit;font-size:inherit;line-height:inherit}.elementor-widget-heading .elementor-heading-title.elementor-size-small{font-size:15px}.elementor-widget-heading .elementor-heading-title.elementor-size-medium{font-size:19px}.elementor-widget-heading .elementor-heading-title.elementor-size-large{font-size:29px}.elementor-widget-heading .elementor-heading-title.elementor-size-xl{font-size:39px}.elementor-widget-heading .elementor-heading-title.elementor-size-xxl{font-size:59px}<\/style><h4 class=\"elementor-heading-title elementor-size-default\">Invierte con confianza, vive con estilo.<\/h4>\t\t<\/div>\n\t\t\t\t<\/div>\n\t\t\t\t\t<\/div>\n\t\t\t\t<\/div>\n\t\t<div class=\"elementor-element elementor-element-8c198ba e-flex e-con-boxed e-con e-parent\" data-id=\"8c198ba\" data-element_type=\"container\" data-settings=\"{&quot;content_width&quot;:&quot;boxed&quot;}\" data-core-v316-plus=\"true\">\n\t\t\t\t\t<div class=\"e-con-inner\">\n\t\t\t\t<div class=\"elementor-element elementor-element-268544d elementor-widget-divider--view-line elementor-widget elementor-widget-divider\" data-id=\"268544d\" data-element_type=\"widget\" data-widget_type=\"divider.default\">\n\t\t\t\t<div class=\"elementor-widget-container\">\n\t\t\t\t\t<div class=\"elementor-divider\">\n\t\t\t<span class=\"elementor-divider-separator\">\n\t\t\t\t\t\t<\/span>\n\t\t<\/div>\n\t\t\t\t<\/div>\n\t\t\t\t<\/div>\n\t\t\t\t\t<\/div>\n\t\t\t\t<\/div>\n\t\t<div class=\"elementor-element elementor-element-1a05141 e-flex e-con-boxed e-con e-parent\" data-id=\"1a05141\" data-element_type=\"container\" data-settings=\"{&quot;background_background&quot;:&quot;classic&quot;,&quot;content_width&quot;:&quot;boxed&quot;}\" data-core-v316-plus=\"true\">\n\t\t\t\t\t<div class=\"e-con-inner\">\n\t\t<div class=\"elementor-element elementor-element-8c7b3da e-con-full e-flex e-con e-child\" data-id=\"8c7b3da\" data-element_type=\"container\" data-settings=\"{&quot;content_width&quot;:&quot;full&quot;}\">\n\t\t\t\t<div class=\"elementor-element elementor-element-aa62690 elementor-widget elementor-widget-text-editor\" data-id=\"aa62690\" data-element_type=\"widget\" data-widget_type=\"text-editor.default\">\n\t\t\t\t<div class=\"elementor-widget-container\">\n\t\t\t<style>\/*! elementor - v3.16.0 - 09-10-2023 *\/\n.elementor-widget-text-editor.elementor-drop-cap-view-stacked .elementor-drop-cap{background-color:#69727d;color:#fff}.elementor-widget-text-editor.elementor-drop-cap-view-framed .elementor-drop-cap{color:#69727d;border:3px solid;background-color:transparent}.elementor-widget-text-editor:not(.elementor-drop-cap-view-default) .elementor-drop-cap{margin-top:8px}.elementor-widget-text-editor:not(.elementor-drop-cap-view-default) .elementor-drop-cap-letter{width:1em;height:1em}.elementor-widget-text-editor .elementor-drop-cap{float:left;text-align:center;line-height:1;font-size:50px}.elementor-widget-text-editor .elementor-drop-cap-letter{display:inline-block}<\/style>\t\t\t\t<p>En <strong>LUHOTZA<\/strong> hacemos que tu pr\u00f3xima inversi\u00f3n inmobiliaria sea una experiencia segura, f\u00e1cil y personalizada. Te ofrecemos propiedades que se adaptan a tu estilo de vida y a tus objetivos financieros<\/p>\t\t\t\t\t\t<\/div>\n\t\t\t\t<\/div>\n\t\t\t\t<\/div>\n\t\t<div class=\"elementor-element elementor-element-bb28f45 e-con-full e-flex e-con e-child\" data-id=\"bb28f45\" data-element_type=\"container\" data-settings=\"{&quot;content_width&quot;:&quot;full&quot;}\">\n\t\t\t\t<div class=\"elementor-element elementor-element-66c8195 elementor-widget elementor-widget-image\" data-id=\"66c8195\" data-element_type=\"widget\" data-widget_type=\"image.default\">\n\t\t\t\t<div class=\"elementor-widget-container\">\n\t\t\t<style>\/*! elementor - v3.16.0 - 09-10-2023 *\/\n.elementor-widget-image{text-align:center}.elementor-widget-image a{display:inline-block}.elementor-widget-image a img[src$=\".svg\"]{width:48px}.elementor-widget-image img{vertical-align:middle;display:inline-block}<\/style>\t\t\t\t\t\t\t\t\t\t\t\t<img decoding=\"async\" width=\"527\" height=\"351\" src=\"https:\/\/luhotza.com\/wp-content\/uploads\/2025\/06\/Imagen4.png\" class=\"attachment-large size-large wp-image-11213\" alt=\"\" srcset=\"https:\/\/luhotza.com\/wp-content\/uploads\/2025\/06\/Imagen4.png 527w, https:\/\/luhotza.com\/wp-content\/uploads\/2025\/06\/Imagen4-300x200.png 300w\" sizes=\"(max-width: 527px) 100vw, 527px\" \/>\t\t\t\t\t\t\t\t\t\t\t\t\t\t\t<\/div>\n\t\t\t\t<\/div>\n\t\t\t\t<\/div>\n\t\t\t\t\t<\/div>\n\t\t\t\t<\/div>\n\t\t<div class=\"elementor-element elementor-element-2cbea2d e-flex e-con-boxed e-con e-parent\" data-id=\"2cbea2d\" data-element_type=\"container\" data-settings=\"{&quot;content_width&quot;:&quot;boxed&quot;}\" data-core-v316-plus=\"true\">\n\t\t\t\t\t<div class=\"e-con-inner\">\n\t\t<div class=\"elementor-element elementor-element-3679c9a e-con-full e-flex e-con e-child\" data-id=\"3679c9a\" data-element_type=\"container\" data-settings=\"{&quot;content_width&quot;:&quot;full&quot;}\">\n\t\t\t\t<div class=\"elementor-element elementor-element-9075fdc elementor-widget elementor-widget-image\" data-id=\"9075fdc\" data-element_type=\"widget\" data-widget_type=\"image.default\">\n\t\t\t\t<div class=\"elementor-widget-container\">\n\t\t\t\t\t\t\t\t\t\t\t\t\t\t\t<img decoding=\"async\" width=\"429\" height=\"643\" src=\"data:image\/svg+xml;charset=utf-8,%3Csvg xmlns%3D&#039;http%3A%2F%2Fwww.w3.org%2F2000%2Fsvg&#039; viewBox%3D&#039;0 0 429 643&#039;%2F%3E\" class=\"attachment-large size-large wp-image-11214 ld-lazyload\" alt=\"\" data-src=\"https:\/\/luhotza.com\/wp-content\/uploads\/2025\/06\/Imagen5.png\" data-srcset=\"https:\/\/luhotza.com\/wp-content\/uploads\/2025\/06\/Imagen5.png 429w, https:\/\/luhotza.com\/wp-content\/uploads\/2025\/06\/Imagen5-200x300.png 200w\" data-sizes=\"(max-width: 429px) 100vw, 429px\" data-aspect=\"0.66718506998445\" \/>\t\t\t\t\t\t\t\t\t\t\t\t\t\t\t<\/div>\n\t\t\t\t<\/div>\n\t\t\t\t<\/div>\n\t\t<div class=\"elementor-element elementor-element-a35e057 e-con-full e-flex e-con e-child\" data-id=\"a35e057\" data-element_type=\"container\" data-settings=\"{&quot;content_width&quot;:&quot;full&quot;}\">\n\t\t\t\t<div class=\"elementor-element elementor-element-0dd20ac elementor-widget elementor-widget-text-editor\" data-id=\"0dd20ac\" data-element_type=\"widget\" data-widget_type=\"text-editor.default\">\n\t\t\t\t<div class=\"elementor-widget-container\">\n\t\t\t\t\t\t\t<p><strong><b>Departamentos<\/b><\/strong><br \/>Ubicaciones premium, dise\u00f1os modernos y alto potencial de plusval\u00eda. Perfectos para vivir o invertir.<\/p><p><strong><b>Casas<\/b><\/strong><br \/>Hogares listos para crear historias. Espacios funcionales, en zonas seguras y de alto crecimiento.<\/p><p><strong><b>Terrenos<\/b><\/strong><br \/>Construye desde cero o asegura tu inversi\u00f3n con terrenos ubicados estrat\u00e9gicamente: zonas de playa, urbanas y de alto desarrollo. \u00a1Listos para escriturar!<\/p>\t\t\t\t\t\t<\/div>\n\t\t\t\t<\/div>\n\t\t\t\t<\/div>\n\t\t\t\t\t<\/div>\n\t\t\t\t<\/div>\n\t\t<div class=\"elementor-element elementor-element-f3313f0 e-flex e-con-boxed e-con e-parent\" data-id=\"f3313f0\" data-element_type=\"container\" data-settings=\"{&quot;background_background&quot;:&quot;classic&quot;,&quot;content_width&quot;:&quot;boxed&quot;}\" data-core-v316-plus=\"true\">\n\t\t\t\t\t<div class=\"e-con-inner\">\n\t\t<div class=\"elementor-element elementor-element-4b41ebb e-con-full e-flex e-con e-child\" data-id=\"4b41ebb\" data-element_type=\"container\" data-settings=\"{&quot;content_width&quot;:&quot;full&quot;}\">\n\t\t\t\t<div class=\"elementor-element elementor-element-d22e1e6 elementor-widget elementor-widget-text-editor\" data-id=\"d22e1e6\" data-element_type=\"widget\" data-widget_type=\"text-editor.default\">\n\t\t\t\t<div class=\"elementor-widget-container\">\n\t\t\t\t\t\t\t<b>\u00bfPor qu\u00e9 elegirnos?<\/b>\n\n<ul style=\"list-style-type: none; padding-left: 5px; margin-top: 10px;\">\n    <li style=\"margin-bottom: 8px;\">\n        <span \">\u2714<\/span> \n        <a href=\"https:\/\/drive.google.com\/file\/d\/1lsMXj77D9umtmDpzD9nTFirV3iqFhB7O\/view?usp=drive_link\" \n           style=\"text-decoration: none; color: inherit;\"\n           download>\n            Cat\u00e1logo exclusivo a nivel nacional\n            <span  font-size: 0.9em; margin-left: 5px;\">[PDF]<\/span>\n        <\/a>\n    <\/li>\n    <li style=\"margin-bottom: 8px;\">\n        <span \">\u2714<\/span> Asesor\u00eda personalizada de principio a fin\n    <\/li>\n    <li style=\"margin-bottom: 8px;\">\n        <span >\u2714<\/span> Acceso a cr\u00e9ditos hipotecarios e Infonavit\n    <\/li>\n    <li>\n        <span \">\u2714<\/span> Servicios con total transparencia y profesionalismo\n    <\/li>\n<\/ul>\t\t\t\t\t\t<\/div>\n\t\t\t\t<\/div>\n\t\t\t\t<\/div>\n\t\t<div class=\"elementor-element elementor-element-09cb212 e-con-full e-flex e-con e-child\" data-id=\"09cb212\" data-element_type=\"container\" data-settings=\"{&quot;content_width&quot;:&quot;full&quot;}\">\n\t\t\t\t<div class=\"elementor-element elementor-element-dc967a2 elementor-widget elementor-widget-image\" data-id=\"dc967a2\" data-element_type=\"widget\" data-widget_type=\"image.default\">\n\t\t\t\t<div class=\"elementor-widget-container\">\n\t\t\t\t\t\t\t\t\t\t\t\t\t\t\t<img decoding=\"async\" width=\"666\" height=\"387\" src=\"data:image\/svg+xml;charset=utf-8,%3Csvg xmlns%3D&#039;http%3A%2F%2Fwww.w3.org%2F2000%2Fsvg&#039; viewBox%3D&#039;0 0 666 387&#039;%2F%3E\" class=\"attachment-large size-large wp-image-11215 ld-lazyload\" alt=\"\" data-src=\"https:\/\/luhotza.com\/wp-content\/uploads\/2025\/06\/Imagen6.png\" data-srcset=\"https:\/\/luhotza.com\/wp-content\/uploads\/2025\/06\/Imagen6.png 666w, https:\/\/luhotza.com\/wp-content\/uploads\/2025\/06\/Imagen6-300x174.png 300w\" data-sizes=\"(max-width: 666px) 100vw, 666px\" data-aspect=\"1.7209302325581\" \/>\t\t\t\t\t\t\t\t\t\t\t\t\t\t\t<\/div>\n\t\t\t\t<\/div>\n\t\t\t\t<\/div>\n\t\t\t\t\t<\/div>\n\t\t\t\t<\/div>\n\t\t<div class=\"elementor-element elementor-element-70d3688 e-flex e-con-boxed e-con e-parent\" data-id=\"70d3688\" data-element_type=\"container\" data-settings=\"{&quot;content_width&quot;:&quot;boxed&quot;}\" data-core-v316-plus=\"true\">\n\t\t\t\t\t<div class=\"e-con-inner\">\n\t\t\t\t<div class=\"elementor-element elementor-element-6308e41 elementor-widget-divider--view-line elementor-widget elementor-widget-divider\" data-id=\"6308e41\" data-element_type=\"widget\" data-widget_type=\"divider.default\">\n\t\t\t\t<div class=\"elementor-widget-container\">\n\t\t\t\t\t<div class=\"elementor-divider\">\n\t\t\t<span class=\"elementor-divider-separator\">\n\t\t\t\t\t\t<\/span>\n\t\t<\/div>\n\t\t\t\t<\/div>\n\t\t\t\t<\/div>\n\t\t\t\t\t<\/div>\n\t\t\t\t<\/div>\n\t\t\t\t\t\t\t<\/div>\n\t\t","protected":false},"excerpt":{"rendered":"<p>Invierte con confianza, vive con estilo. En LUHOTZA hacemos que tu pr\u00f3xima inversi\u00f3n inmobiliaria sea una experiencia segura, f\u00e1cil y personalizada. Te ofrecemos propiedades que se adaptan a tu estilo de vida y a tus objetivos financieros DepartamentosUbicaciones premium, dise\u00f1os modernos y alto potencial de plusval\u00eda. Perfectos para vivir o invertir. CasasHogares listos para crear [&hellip;]<\/p>\n","protected":false},"author":1,"featured_media":0,"parent":0,"menu_order":0,"comment_status":"closed","ping_status":"open","template":"","meta":{"footnotes":""},"yoast_head":"<!-- This site is optimized with the Yoast SEO plugin v23.6 - https:\/\/yoast.com\/wordpress\/plugins\/seo\/ -->\n<title>Gesti\u00f3n inmobiliaria - Luhotza.com<\/title>\n<meta name=\"robots\" content=\"index, follow, max-snippet:-1, max-image-preview:large, max-video-preview:-1\" \/>\n<link rel=\"canonical\" href=\"https:\/\/luhotza.com\/index.php\/casas-y-departamentos\/\" \/>\n<meta property=\"og:locale\" content=\"en_US\" \/>\n<meta property=\"og:type\" content=\"article\" \/>\n<meta property=\"og:title\" content=\"Gesti\u00f3n inmobiliaria - Luhotza.com\" \/>\n<meta property=\"og:description\" content=\"Invierte con confianza, vive con estilo. En LUHOTZA hacemos que tu pr\u00f3xima inversi\u00f3n inmobiliaria sea una experiencia segura, f\u00e1cil y personalizada. Te ofrecemos propiedades que se adaptan a tu estilo de vida y a tus objetivos financieros DepartamentosUbicaciones premium, dise\u00f1os modernos y alto potencial de plusval\u00eda. Perfectos para vivir o invertir. CasasHogares listos para crear [&hellip;]\" \/>\n<meta property=\"og:url\" content=\"https:\/\/luhotza.com\/index.php\/casas-y-departamentos\/\" \/>\n<meta property=\"og:site_name\" content=\"Luhotza.com\" \/>\n<meta property=\"article:publisher\" content=\"https:\/\/www.facebook.com\/profile.php?id=100091467279409\" \/>\n<meta property=\"article:modified_time\" content=\"2025-06-11T23:11:38+00:00\" \/>\n<meta property=\"og:image\" content=\"https:\/\/luhotza.com\/wp-content\/uploads\/2025\/06\/Imagen4.png\" \/>\n\t<meta property=\"og:image:width\" content=\"527\" \/>\n\t<meta property=\"og:image:height\" content=\"351\" \/>\n\t<meta property=\"og:image:type\" content=\"image\/png\" \/>\n<meta name=\"twitter:card\" content=\"summary_large_image\" \/>\n<meta name=\"twitter:label1\" content=\"Est. reading time\" \/>\n\t<meta name=\"twitter:data1\" content=\"2 minutes\" \/>\n<script type=\"application\/ld+json\" class=\"yoast-schema-graph\">{\"@context\":\"https:\/\/schema.org\",\"@graph\":[{\"@type\":\"WebPage\",\"@id\":\"https:\/\/luhotza.com\/index.php\/casas-y-departamentos\/\",\"url\":\"https:\/\/luhotza.com\/index.php\/casas-y-departamentos\/\",\"name\":\"Gesti\u00f3n inmobiliaria - Luhotza.com\",\"isPartOf\":{\"@id\":\"https:\/\/luhotza.com\/#website\"},\"primaryImageOfPage\":{\"@id\":\"https:\/\/luhotza.com\/index.php\/casas-y-departamentos\/#primaryimage\"},\"image\":{\"@id\":\"https:\/\/luhotza.com\/index.php\/casas-y-departamentos\/#primaryimage\"},\"thumbnailUrl\":\"https:\/\/luhotza.com\/wp-content\/uploads\/2025\/06\/Imagen4.png\",\"datePublished\":\"2023-10-20T19:31:06+00:00\",\"dateModified\":\"2025-06-11T23:11:38+00:00\",\"breadcrumb\":{\"@id\":\"https:\/\/luhotza.com\/index.php\/casas-y-departamentos\/#breadcrumb\"},\"inLanguage\":\"en-US\",\"potentialAction\":[{\"@type\":\"ReadAction\",\"target\":[\"https:\/\/luhotza.com\/index.php\/casas-y-departamentos\/\"]}]},{\"@type\":\"ImageObject\",\"inLanguage\":\"en-US\",\"@id\":\"https:\/\/luhotza.com\/index.php\/casas-y-departamentos\/#primaryimage\",\"url\":\"https:\/\/luhotza.com\/wp-content\/uploads\/2025\/06\/Imagen4.png\",\"contentUrl\":\"https:\/\/luhotza.com\/wp-content\/uploads\/2025\/06\/Imagen4.png\",\"width\":527,\"height\":351},{\"@type\":\"BreadcrumbList\",\"@id\":\"https:\/\/luhotza.com\/index.php\/casas-y-departamentos\/#breadcrumb\",\"itemListElement\":[{\"@type\":\"ListItem\",\"position\":1,\"name\":\"Portada\",\"item\":\"https:\/\/luhotza.com\/\"},{\"@type\":\"ListItem\",\"position\":2,\"name\":\"Gesti\u00f3n inmobiliaria\"}]},{\"@type\":\"WebSite\",\"@id\":\"https:\/\/luhotza.com\/#website\",\"url\":\"https:\/\/luhotza.com\/\",\"name\":\"Luhotza.com\",\"description\":\"Tu sue\u00f1o, nuestra misi\u00f3n.\",\"publisher\":{\"@id\":\"https:\/\/luhotza.com\/#organization\"},\"potentialAction\":[{\"@type\":\"SearchAction\",\"target\":{\"@type\":\"EntryPoint\",\"urlTemplate\":\"https:\/\/luhotza.com\/?s={search_term_string}\"},\"query-input\":{\"@type\":\"PropertyValueSpecification\",\"valueRequired\":true,\"valueName\":\"search_term_string\"}}],\"inLanguage\":\"en-US\"},{\"@type\":\"Organization\",\"@id\":\"https:\/\/luhotza.com\/#organization\",\"name\":\"Luhotza\",\"url\":\"https:\/\/luhotza.com\/\",\"logo\":{\"@type\":\"ImageObject\",\"inLanguage\":\"en-US\",\"@id\":\"https:\/\/luhotza.com\/#\/schema\/logo\/image\/\",\"url\":\"https:\/\/luhotza.com\/wp-content\/uploads\/2021\/05\/Logotipo-Sin-Fondo.png\",\"contentUrl\":\"https:\/\/luhotza.com\/wp-content\/uploads\/2021\/05\/Logotipo-Sin-Fondo.png\",\"width\":1920,\"height\":1014,\"caption\":\"Luhotza\"},\"image\":{\"@id\":\"https:\/\/luhotza.com\/#\/schema\/logo\/image\/\"},\"sameAs\":[\"https:\/\/www.facebook.com\/profile.php?id=100091467279409\"]}]}<\/script>\n<!-- \/ Yoast SEO plugin. -->","yoast_head_json":{"title":"Gesti\u00f3n inmobiliaria - Luhotza.com","robots":{"index":"index","follow":"follow","max-snippet":"max-snippet:-1","max-image-preview":"max-image-preview:large","max-video-preview":"max-video-preview:-1"},"canonical":"https:\/\/luhotza.com\/index.php\/casas-y-departamentos\/","og_locale":"en_US","og_type":"article","og_title":"Gesti\u00f3n inmobiliaria - Luhotza.com","og_description":"Invierte con confianza, vive con estilo. En LUHOTZA hacemos que tu pr\u00f3xima inversi\u00f3n inmobiliaria sea una experiencia segura, f\u00e1cil y personalizada. Te ofrecemos propiedades que se adaptan a tu estilo de vida y a tus objetivos financieros DepartamentosUbicaciones premium, dise\u00f1os modernos y alto potencial de plusval\u00eda. Perfectos para vivir o invertir. CasasHogares listos para crear [&hellip;]","og_url":"https:\/\/luhotza.com\/index.php\/casas-y-departamentos\/","og_site_name":"Luhotza.com","article_publisher":"https:\/\/www.facebook.com\/profile.php?id=100091467279409","article_modified_time":"2025-06-11T23:11:38+00:00","og_image":[{"width":527,"height":351,"url":"https:\/\/luhotza.com\/wp-content\/uploads\/2025\/06\/Imagen4.png","type":"image\/png"}],"twitter_card":"summary_large_image","twitter_misc":{"Est. reading time":"2 minutes"},"schema":{"@context":"https:\/\/schema.org","@graph":[{"@type":"WebPage","@id":"https:\/\/luhotza.com\/index.php\/casas-y-departamentos\/","url":"https:\/\/luhotza.com\/index.php\/casas-y-departamentos\/","name":"Gesti\u00f3n inmobiliaria - Luhotza.com","isPartOf":{"@id":"https:\/\/luhotza.com\/#website"},"primaryImageOfPage":{"@id":"https:\/\/luhotza.com\/index.php\/casas-y-departamentos\/#primaryimage"},"image":{"@id":"https:\/\/luhotza.com\/index.php\/casas-y-departamentos\/#primaryimage"},"thumbnailUrl":"https:\/\/luhotza.com\/wp-content\/uploads\/2025\/06\/Imagen4.png","datePublished":"2023-10-20T19:31:06+00:00","dateModified":"2025-06-11T23:11:38+00:00","breadcrumb":{"@id":"https:\/\/luhotza.com\/index.php\/casas-y-departamentos\/#breadcrumb"},"inLanguage":"en-US","potentialAction":[{"@type":"ReadAction","target":["https:\/\/luhotza.com\/index.php\/casas-y-departamentos\/"]}]},{"@type":"ImageObject","inLanguage":"en-US","@id":"https:\/\/luhotza.com\/index.php\/casas-y-departamentos\/#primaryimage","url":"https:\/\/luhotza.com\/wp-content\/uploads\/2025\/06\/Imagen4.png","contentUrl":"https:\/\/luhotza.com\/wp-content\/uploads\/2025\/06\/Imagen4.png","width":527,"height":351},{"@type":"BreadcrumbList","@id":"https:\/\/luhotza.com\/index.php\/casas-y-departamentos\/#breadcrumb","itemListElement":[{"@type":"ListItem","position":1,"name":"Portada","item":"https:\/\/luhotza.com\/"},{"@type":"ListItem","position":2,"name":"Gesti\u00f3n inmobiliaria"}]},{"@type":"WebSite","@id":"https:\/\/luhotza.com\/#website","url":"https:\/\/luhotza.com\/","name":"Luhotza.com","description":"Tu sue\u00f1o, nuestra misi\u00f3n.","publisher":{"@id":"https:\/\/luhotza.com\/#organization"},"potentialAction":[{"@type":"SearchAction","target":{"@type":"EntryPoint","urlTemplate":"https:\/\/luhotza.com\/?s={search_term_string}"},"query-input":{"@type":"PropertyValueSpecification","valueRequired":true,"valueName":"search_term_string"}}],"inLanguage":"en-US"},{"@type":"Organization","@id":"https:\/\/luhotza.com\/#organization","name":"Luhotza","url":"https:\/\/luhotza.com\/","logo":{"@type":"ImageObject","inLanguage":"en-US","@id":"https:\/\/luhotza.com\/#\/schema\/logo\/image\/","url":"https:\/\/luhotza.com\/wp-content\/uploads\/2021\/05\/Logotipo-Sin-Fondo.png","contentUrl":"https:\/\/luhotza.com\/wp-content\/uploads\/2021\/05\/Logotipo-Sin-Fondo.png","width":1920,"height":1014,"caption":"Luhotza"},"image":{"@id":"https:\/\/luhotza.com\/#\/schema\/logo\/image\/"},"sameAs":["https:\/\/www.facebook.com\/profile.php?id=100091467279409"]}]}},"_links":{"self":[{"href":"https:\/\/luhotza.com\/index.php\/wp-json\/wp\/v2\/pages\/10405"}],"collection":[{"href":"https:\/\/luhotza.com\/index.php\/wp-json\/wp\/v2\/pages"}],"about":[{"href":"https:\/\/luhotza.com\/index.php\/wp-json\/wp\/v2\/types\/page"}],"author":[{"embeddable":true,"href":"https:\/\/luhotza.com\/index.php\/wp-json\/wp\/v2\/users\/1"}],"replies":[{"embeddable":true,"href":"https:\/\/luhotza.com\/index.php\/wp-json\/wp\/v2\/comments?post=10405"}],"version-history":[{"count":40,"href":"https:\/\/luhotza.com\/index.php\/wp-json\/wp\/v2\/pages\/10405\/revisions"}],"predecessor-version":[{"id":11241,"href":"https:\/\/luhotza.com\/index.php\/wp-json\/wp\/v2\/pages\/10405\/revisions\/11241"}],"wp:attachment":[{"href":"https:\/\/luhotza.com\/index.php\/wp-json\/wp\/v2\/media?parent=10405"}],"curies":[{"name":"wp","href":"https:\/\/api.w.org\/{rel}","templated":true}]}}